{"id":83,"date":"2020-11-26T10:14:55","date_gmt":"2020-11-26T10:14:55","guid":{"rendered":"https:\/\/jupiterx.artbees.net\/tool-shop\/?page_id=83"},"modified":"2021-11-19T14:10:41","modified_gmt":"2021-11-19T13:10:41","slug":"tool-shop","status":"publish","type":"page","link":"https:\/\/jakoube.cz\/fotobazar\/","title":{"rendered":"Dom\u016f"},"content":{"rendered":"\t\t<div data-elementor-type=\"wp-page\" data-elementor-id=\"83\" class=\"elementor elementor-83\" data-elementor-settings=\"[]\">\n\t\t\t\t\t\t\t<div class=\"elementor-section-wrap\">\n\t\t\t\t\t\t\t<section class=\"elementor-section elementor-top-section elementor-element elementor-element-6235852 elementor-section-boxed elementor-section-height-default elementor-section-height-default\" data-id=\"6235852\" data-element_type=\"section\">\n\t\t\t\t\t\t<div class=\"elementor-container elementor-column-gap-no\">\n\t\t\t\t\t<div class=\"elementor-column elementor-col-100 elementor-top-column elementor-element elementor-element-68a7fa9e\" data-id=\"68a7fa9e\" data-element_type=\"column\" id=\"banner\" data-settings=\"{&quot;background_background&quot;:&quot;classic&quot;}\">\n\t\t\t<div class=\"elementor-widget-wrap elementor-element-populated\">\n\t\t\t\t\t\t\t\t\t<\/div>\n\t\t<\/div>\n\t\t\t\t\t\t\t<\/div>\n\t\t<\/section>\n\t\t\t\t<section class=\"elementor-section elementor-top-section elementor-element elementor-element-4ad3809 elementor-section-boxed elementor-section-height-default elementor-section-height-default\" data-id=\"4ad3809\" data-element_type=\"section\">\n\t\t\t\t\t\t<div class=\"elementor-container elementor-column-gap-no\">\n\t\t\t\t\t<div class=\"elementor-column elementor-col-100 elementor-top-column elementor-element elementor-element-3e6e5bf\" data-id=\"3e6e5bf\" data-element_type=\"column\">\n\t\t\t<div class=\"elementor-widget-wrap elementor-element-populated\">\n\t\t\t\t\t\t\t\t<div class=\"elementor-element elementor-element-7ec9746 elementor-widget elementor-widget-jet-woo-categories\" data-id=\"7ec9746\" data-element_type=\"widget\" data-settings=\"{&quot;columns&quot;:&quot;5&quot;,&quot;columns_tablet&quot;:2,&quot;columns_mobile&quot;:1,&quot;slides_to_scroll&quot;:&quot;1&quot;}\" data-widget_type=\"jet-woo-categories.default\">\n\t\t\t\t<div class=\"elementor-widget-container\">\n\t\t\t<div class=\"elementor-jet-woo-categories jet-woo-builder\"><div class=\"jet-woo-categories jet-woo-categories--preset-1 col-row   \" data-mobile-hover=\"\"><div class=\"jet-woo-categories__item \">\n\t<div class=\"jet-woo-categories__inner-box\">\n\t\t\n<div class=\"jet-woo-categories-thumbnail__wrap\">\n\t\n<div class=\"jet-woo-category-thumbnail\">\n\t<a href=\"https:\/\/jakoube.cz\/fotobazar\/kategorie-produktu\/ceske\/\"  rel=\"bookmark\">\n\t\t<img width=\"300\" height=\"300\" src=\"https:\/\/jakoube.cz\/fotobazar\/wp-content\/uploads\/2021\/11\/1-ceske-fotaparaty-300x300.jpg\" class=\"attachment-woocommerce_thumbnail size-woocommerce_thumbnail\" alt=\"\" decoding=\"async\" loading=\"lazy\" srcset=\"https:\/\/jakoube.cz\/fotobazar\/wp-content\/uploads\/2021\/11\/1-ceske-fotaparaty-300x300.jpg 300w, https:\/\/jakoube.cz\/fotobazar\/wp-content\/uploads\/2021\/11\/1-ceske-fotaparaty-1024x1024.jpg 1024w, https:\/\/jakoube.cz\/fotobazar\/wp-content\/uploads\/2021\/11\/1-ceske-fotaparaty-150x150.jpg 150w, https:\/\/jakoube.cz\/fotobazar\/wp-content\/uploads\/2021\/11\/1-ceske-fotaparaty-768x768.jpg 768w, https:\/\/jakoube.cz\/fotobazar\/wp-content\/uploads\/2021\/11\/1-ceske-fotaparaty-1536x1536.jpg 1536w, https:\/\/jakoube.cz\/fotobazar\/wp-content\/uploads\/2021\/11\/1-ceske-fotaparaty-2048x2048.jpg 2048w, https:\/\/jakoube.cz\/fotobazar\/wp-content\/uploads\/2021\/11\/1-ceske-fotaparaty-500x500.jpg 500w, https:\/\/jakoube.cz\/fotobazar\/wp-content\/uploads\/2021\/11\/1-ceske-fotaparaty-600x600.jpg 600w, https:\/\/jakoube.cz\/fotobazar\/wp-content\/uploads\/2021\/11\/1-ceske-fotaparaty-100x100.jpg 100w\" sizes=\"(max-width: 300px) 100vw, 300px\" \/>\t<\/a>\n\t<div class=\"jet-woo-category-img-overlay\"><\/div>\n\t<div class=\"jet-woo-category-img-overlay__hover\"><\/div>\n<\/div>\t<div class=\"jet-woo-category-count__wrap\">\n\t\t\t<\/div>\n<\/div>\n<div class=\"jet-woo-categories-content\">\n\t<h5 class=\"jet-woo-category-title\" ><a href=\"https:\/\/jakoube.cz\/fotobazar\/kategorie-produktu\/ceske\/\" class=\"jet-woo-category-title__link\" >\u010cesk\u00e9<\/a><\/h5><\/div>\t<\/div>\n<\/div><div class=\"jet-woo-categories__item \">\n\t<div class=\"jet-woo-categories__inner-box\">\n\t\t\n<div class=\"jet-woo-categories-thumbnail__wrap\">\n\t\n<div class=\"jet-woo-category-thumbnail\">\n\t<a href=\"https:\/\/jakoube.cz\/fotobazar\/kategorie-produktu\/sberatelske\/\"  rel=\"bookmark\">\n\t\t<img width=\"300\" height=\"300\" src=\"https:\/\/jakoube.cz\/fotobazar\/wp-content\/uploads\/2021\/11\/2-sberatelske-300x300.jpg\" class=\"attachment-woocommerce_thumbnail size-woocommerce_thumbnail\" alt=\"\" decoding=\"async\" loading=\"lazy\" srcset=\"https:\/\/jakoube.cz\/fotobazar\/wp-content\/uploads\/2021\/11\/2-sberatelske-300x300.jpg 300w, https:\/\/jakoube.cz\/fotobazar\/wp-content\/uploads\/2021\/11\/2-sberatelske-150x150.jpg 150w, https:\/\/jakoube.cz\/fotobazar\/wp-content\/uploads\/2021\/11\/2-sberatelske-500x500.jpg 500w, https:\/\/jakoube.cz\/fotobazar\/wp-content\/uploads\/2021\/11\/2-sberatelske-100x100.jpg 100w, https:\/\/jakoube.cz\/fotobazar\/wp-content\/uploads\/2021\/11\/2-sberatelske.jpg 600w\" sizes=\"(max-width: 300px) 100vw, 300px\" \/>\t<\/a>\n\t<div class=\"jet-woo-category-img-overlay\"><\/div>\n\t<div class=\"jet-woo-category-img-overlay__hover\"><\/div>\n<\/div>\t<div class=\"jet-woo-category-count__wrap\">\n\t\t\t<\/div>\n<\/div>\n<div class=\"jet-woo-categories-content\">\n\t<h5 class=\"jet-woo-category-title\" ><a href=\"https:\/\/jakoube.cz\/fotobazar\/kategorie-produktu\/sberatelske\/\" class=\"jet-woo-category-title__link\" >Sb\u011bratelsk\u00e9<\/a><\/h5><\/div>\t<\/div>\n<\/div><div class=\"jet-woo-categories__item \">\n\t<div class=\"jet-woo-categories__inner-box\">\n\t\t\n<div class=\"jet-woo-categories-thumbnail__wrap\">\n\t\n<div class=\"jet-woo-category-thumbnail\">\n\t<a href=\"https:\/\/jakoube.cz\/fotobazar\/kategorie-produktu\/digitalni\/\"  rel=\"bookmark\">\n\t\t<img width=\"300\" height=\"300\" src=\"https:\/\/jakoube.cz\/fotobazar\/wp-content\/uploads\/2021\/11\/3-digitalni-300x300.jpg\" class=\"attachment-woocommerce_thumbnail size-woocommerce_thumbnail\" alt=\"\" decoding=\"async\" loading=\"lazy\" srcset=\"https:\/\/jakoube.cz\/fotobazar\/wp-content\/uploads\/2021\/11\/3-digitalni-300x300.jpg 300w, https:\/\/jakoube.cz\/fotobazar\/wp-content\/uploads\/2021\/11\/3-digitalni-150x150.jpg 150w, https:\/\/jakoube.cz\/fotobazar\/wp-content\/uploads\/2021\/11\/3-digitalni-500x500.jpg 500w, https:\/\/jakoube.cz\/fotobazar\/wp-content\/uploads\/2021\/11\/3-digitalni-100x100.jpg 100w, https:\/\/jakoube.cz\/fotobazar\/wp-content\/uploads\/2021\/11\/3-digitalni.jpg 600w\" sizes=\"(max-width: 300px) 100vw, 300px\" \/>\t<\/a>\n\t<div class=\"jet-woo-category-img-overlay\"><\/div>\n\t<div class=\"jet-woo-category-img-overlay__hover\"><\/div>\n<\/div>\t<div class=\"jet-woo-category-count__wrap\">\n\t\t\t<\/div>\n<\/div>\n<div class=\"jet-woo-categories-content\">\n\t<h5 class=\"jet-woo-category-title\" ><a href=\"https:\/\/jakoube.cz\/fotobazar\/kategorie-produktu\/digitalni\/\" class=\"jet-woo-category-title__link\" >Digit\u00e1ln\u00ed<\/a><\/h5><\/div>\t<\/div>\n<\/div><div class=\"jet-woo-categories__item \">\n\t<div class=\"jet-woo-categories__inner-box\">\n\t\t\n<div class=\"jet-woo-categories-thumbnail__wrap\">\n\t\n<div class=\"jet-woo-category-thumbnail\">\n\t<a href=\"https:\/\/jakoube.cz\/fotobazar\/kategorie-produktu\/objektivy\/\"  rel=\"bookmark\">\n\t\t<img width=\"300\" height=\"300\" src=\"https:\/\/jakoube.cz\/fotobazar\/wp-content\/uploads\/2021\/11\/4-objektivy-300x300.jpg\" class=\"attachment-woocommerce_thumbnail size-woocommerce_thumbnail\" alt=\"\" decoding=\"async\" loading=\"lazy\" srcset=\"https:\/\/jakoube.cz\/fotobazar\/wp-content\/uploads\/2021\/11\/4-objektivy-300x300.jpg 300w, https:\/\/jakoube.cz\/fotobazar\/wp-content\/uploads\/2021\/11\/4-objektivy-150x150.jpg 150w, https:\/\/jakoube.cz\/fotobazar\/wp-content\/uploads\/2021\/11\/4-objektivy-500x500.jpg 500w, https:\/\/jakoube.cz\/fotobazar\/wp-content\/uploads\/2021\/11\/4-objektivy-100x100.jpg 100w, https:\/\/jakoube.cz\/fotobazar\/wp-content\/uploads\/2021\/11\/4-objektivy.jpg 600w\" sizes=\"(max-width: 300px) 100vw, 300px\" \/>\t<\/a>\n\t<div class=\"jet-woo-category-img-overlay\"><\/div>\n\t<div class=\"jet-woo-category-img-overlay__hover\"><\/div>\n<\/div>\t<div class=\"jet-woo-category-count__wrap\">\n\t\t\t<\/div>\n<\/div>\n<div class=\"jet-woo-categories-content\">\n\t<h5 class=\"jet-woo-category-title\" ><a href=\"https:\/\/jakoube.cz\/fotobazar\/kategorie-produktu\/objektivy\/\" class=\"jet-woo-category-title__link\" >Objektivy<\/a><\/h5><\/div>\t<\/div>\n<\/div><div class=\"jet-woo-categories__item \">\n\t<div class=\"jet-woo-categories__inner-box\">\n\t\t\n<div class=\"jet-woo-categories-thumbnail__wrap\">\n\t\n<div class=\"jet-woo-category-thumbnail\">\n\t<a href=\"https:\/\/jakoube.cz\/fotobazar\/kategorie-produktu\/prislusenstvi\/\"  rel=\"bookmark\">\n\t\t<img width=\"300\" height=\"300\" src=\"https:\/\/jakoube.cz\/fotobazar\/wp-content\/uploads\/2021\/11\/5-prislusenstvi-300x300.jpg\" class=\"attachment-woocommerce_thumbnail size-woocommerce_thumbnail\" alt=\"\" decoding=\"async\" loading=\"lazy\" srcset=\"https:\/\/jakoube.cz\/fotobazar\/wp-content\/uploads\/2021\/11\/5-prislusenstvi-300x300.jpg 300w, https:\/\/jakoube.cz\/fotobazar\/wp-content\/uploads\/2021\/11\/5-prislusenstvi-150x150.jpg 150w, https:\/\/jakoube.cz\/fotobazar\/wp-content\/uploads\/2021\/11\/5-prislusenstvi-500x500.jpg 500w, https:\/\/jakoube.cz\/fotobazar\/wp-content\/uploads\/2021\/11\/5-prislusenstvi-100x100.jpg 100w, https:\/\/jakoube.cz\/fotobazar\/wp-content\/uploads\/2021\/11\/5-prislusenstvi.jpg 600w\" sizes=\"(max-width: 300px) 100vw, 300px\" \/>\t<\/a>\n\t<div class=\"jet-woo-category-img-overlay\"><\/div>\n\t<div class=\"jet-woo-category-img-overlay__hover\"><\/div>\n<\/div>\t<div class=\"jet-woo-category-count__wrap\">\n\t\t\t<\/div>\n<\/div>\n<div class=\"jet-woo-categories-content\">\n\t<h5 class=\"jet-woo-category-title\" ><a href=\"https:\/\/jakoube.cz\/fotobazar\/kategorie-produktu\/prislusenstvi\/\" class=\"jet-woo-category-title__link\" >P\u0159\u00edslu\u0161enstv\u00ed<\/a><\/h5><\/div>\t<\/div>\n<\/div><\/div>\n<\/div>\t\t<\/div>\n\t\t\t\t<\/div>\n\t\t\t\t<div class=\"elementor-element elementor-element-7e7ddcf elementor-widget elementor-widget-text-editor\" data-id=\"7e7ddcf\" data-element_type=\"widget\" data-widget_type=\"text-editor.default\">\n\t\t\t\t<div class=\"elementor-widget-container\">\n\t\t\t\t\t\t\t<h3><span style=\"font-size: 15px; font-weight: bold;\">V na\u0161em fotobazaru nen\u00ed t\u0159eba se p\u0159edem registrovat. V\u00fdb\u011br je rychl\u00fd, velmi snadn\u00fd a nen\u00ed omezen.<\/span><\/h3><p>Fotoapar\u00e1ty vystaven\u00e9 v sekci Sb\u011bratelsk\u00e9 apar\u00e1ty jsou v nab\u00eddce bez z\u00e1ruky funkce a jsou ur\u010deny p\u0159edev\u0161\u00edm pro sb\u011bratelskou ve\u0159ejnost<\/p><p>Pro nakupov\u00e1n\u00ed si jednodu\u0161e a pohodln\u011b vyberete apar\u00e1ty nebo p\u0159\u00edslu\u0161enstv\u00ed o kter\u00e9 m\u00e1te z\u00e1jem, vlo\u017e\u00edte je do ko\u0161\u00edku a vypln\u00edte objednac\u00ed formul\u00e1\u0159. Apar\u00e1ty si m\u016f\u017eete prohl\u00e9dnout ve v\u011bt\u0161\u00edm rozli\u0161en\u00ed, sta\u010d\u00ed klepnout na jednotliv\u00e9 obr\u00e1zky.<\/p><p>Ceny stanovuje prod\u00e1vaj\u00edc\u00ed.<br \/>V sekci produkty se dostanete do nab\u00eddky.<\/p><p>D\u011bkujeme V\u00e1m za Va\u0161i n\u00e1v\u0161t\u011bvu a z\u00e1jem a douf\u00e1me, \u017ee budete s na\u0161imi slu\u017ebami spokojeni.<\/p>\t\t\t\t\t\t<\/div>\n\t\t\t\t<\/div>\n\t\t\t\t\t<\/div>\n\t\t<\/div>\n\t\t\t\t\t\t\t<\/div>\n\t\t<\/section>\n\t\t\t\t\t\t<\/div>\n\t\t\t\t\t<\/div>\n\t\t","protected":false},"excerpt":{"rendered":"<p>\u010ceskoslovensk\u00e9 Sb\u011bratelsk\u00e9 Digit\u00e1ln\u00ed Objektivy P\u0159\u00edslu\u0161enstv\u00ed V na\u0161em fotobazaru nen\u00ed t\u0159eba se p\u0159edem registrovat. V\u00fdb\u011br je rychl\u00fd, velmi snadn\u00fd a nen\u00ed omezen. Fotoapar\u00e1ty vystaven\u00e9 v sekci Sb\u011bratelsk\u00e9 apar\u00e1ty jsou v nab\u00eddce bez z\u00e1ruky funkce a jsou ur\u010deny p\u0159edev\u0161\u00edm pro sb\u011bratelskou ve\u0159ejnost Pro nakupov\u00e1n\u00ed si jednodu\u0161e a pohodln\u011b vyberete apar\u00e1ty nebo p\u0159\u00edslu\u0161enstv\u00ed o kter\u00e9 m\u00e1te z\u00e1jem, vlo\u017e\u00edte [&hellip;]<\/p>\n","protected":false},"author":1,"featured_media":0,"parent":0,"menu_order":0,"comment_status":"closed","ping_status":"closed","template":"","meta":[],"_links":{"self":[{"href":"https:\/\/jakoube.cz\/fotobazar\/wp-json\/wp\/v2\/pages\/83"}],"collection":[{"href":"https:\/\/jakoube.cz\/fotobazar\/wp-json\/wp\/v2\/pages"}],"about":[{"href":"https:\/\/jakoube.cz\/fotobazar\/wp-json\/wp\/v2\/types\/page"}],"author":[{"embeddable":true,"href":"https:\/\/jakoube.cz\/fotobazar\/wp-json\/wp\/v2\/users\/1"}],"replies":[{"embeddable":true,"href":"https:\/\/jakoube.cz\/fotobazar\/wp-json\/wp\/v2\/comments?post=83"}],"version-history":[{"count":147,"href":"https:\/\/jakoube.cz\/fotobazar\/wp-json\/wp\/v2\/pages\/83\/revisions"}],"predecessor-version":[{"id":897,"href":"https:\/\/jakoube.cz\/fotobazar\/wp-json\/wp\/v2\/pages\/83\/revisions\/897"}],"wp:attachment":[{"href":"https:\/\/jakoube.cz\/fotobazar\/wp-json\/wp\/v2\/media?parent=83"}],"curies":[{"name":"wp","href":"https:\/\/api.w.org\/{rel}","templated":true}]}}