{"id":455,"date":"2021-09-26T21:51:04","date_gmt":"2021-09-26T19:51:04","guid":{"rendered":"https:\/\/jakoube.cz\/fotobazar\/?page_id=455"},"modified":"2021-11-12T11:33:07","modified_gmt":"2021-11-12T10:33:07","slug":"pravidla-obchodu","status":"publish","type":"page","link":"https:\/\/jakoube.cz\/fotobazar\/pravidla-obchodu\/","title":{"rendered":"Pravidla obchodu"},"content":{"rendered":"\t\t<div data-elementor-type=\"wp-page\" data-elementor-id=\"455\" class=\"elementor elementor-455\" data-elementor-settings=\"[]\">\n\t\t\t\t\t\t\t<div class=\"elementor-section-wrap\">\n\t\t\t\t\t\t\t<section class=\"elementor-section elementor-top-section elementor-element elementor-element-9415d30 elementor-section-boxed elementor-section-height-default elementor-section-height-default\" data-id=\"9415d30\" data-element_type=\"section\">\n\t\t\t\t\t\t<div class=\"elementor-container elementor-column-gap-no\">\n\t\t\t\t\t<div class=\"elementor-column elementor-col-50 elementor-top-column elementor-element elementor-element-05f724c\" data-id=\"05f724c\" data-element_type=\"column\" data-settings=\"{&quot;background_background&quot;:&quot;classic&quot;}\">\n\t\t\t<div class=\"elementor-widget-wrap\">\n\t\t\t\t\t\t\t\t\t<\/div>\n\t\t<\/div>\n\t\t\t\t<div class=\"elementor-column elementor-col-50 elementor-top-column elementor-element elementor-element-05ad85e\" data-id=\"05ad85e\" data-element_type=\"column\">\n\t\t\t<div class=\"elementor-widget-wrap elementor-element-populated\">\n\t\t\t\t\t\t\t\t<div class=\"elementor-element elementor-element-3239082 elementor-widget elementor-widget-text-editor\" data-id=\"3239082\" data-element_type=\"widget\" data-widget_type=\"text-editor.default\">\n\t\t\t\t<div class=\"elementor-widget-container\">\n\t\t\t\t\t\t\t<table border=\"0\" cellspacing=\"0\" cellpadding=\"0\" align=\"center\"><tbody><tr><td class=\"content\" align=\"center\" valign=\"top\"><table class=\"tekst\" cellspacing=\"0\" cellpadding=\"0\"><tbody><tr><td class=\"left_content\"><h1><span style=\"color: #ffffff;\"><strong>Pravidla obchodu<\/strong><\/span><\/h1><p align=\"justify\"><span style=\"color: #ffffff;\"><strong>1.<\/strong>\u00a0Ve\u0161ker\u00e9 objedn\u00e1vky jsou pova\u017eov\u00e1ny za z\u00e1vazn\u00e9. Z\u00e1kazn\u00edk odesl\u00e1n\u00edm objedn\u00e1vky potvrzuje, \u017ee souhlas\u00ed s pravidly obchodu, s mo\u017enostmi platby, dodac\u00edmi podm\u00ednkami, reklama\u010dn\u00edm \u0159\u00e1dem a sezn\u00e1mil se s ustanoven\u00edm o ochran\u011b osobn\u00edch \u016fdaj\u016f.<\/span><\/p><p align=\"justify\"><span style=\"color: #ffffff;\"><strong>2.<\/strong>\u00a0\u017d\u00e1d\u00e1me V\u00e1s, abyste ve sv\u00e9m z\u00e1jmu uv\u00e1d\u011bli p\u0159esn\u00e9 a pravdiv\u00e9 \u00fadaje do objedn\u00e1vkov\u00e9ho formul\u00e1\u0159e. Ka\u017ed\u00e1 objedn\u00e1vka je po odesl\u00e1n\u00ed potvrzena e-mailovou zpr\u00e1vou ve kter\u00e9 m\u00e1te posledn\u00ed mo\u017enost zkontrolovat spr\u00e1vnost vypln\u011bn\u00fdch \u016fdaj\u016f. Pokud je v objedn\u00e1vce z n\u011bjak\u00e9ho d\u016fvodu chyba, neprodlen\u011b n\u00e1s kontaktujte.<\/span><\/p><p align=\"justify\"><span style=\"color: #ffffff;\"><strong>3.<\/strong>\u00a0Pokud dojde mezi vy\u0159\u00edzen\u00edm a odesl\u00e1n\u00edm objedn\u00e1vky ke zm\u011bn\u011b cen, plat\u00ed v\u017edy ceny uveden\u00e9 v ji\u017e uskute\u010dn\u011bn\u00e9 objedn\u00e1vce.<\/span><\/p><p align=\"justify\"><span style=\"color: #ffffff;\"><strong>4.<\/strong>\u00a0Prodejce si vyhrazuje pr\u00e1vo z\u00e1kazn\u00edka telefonicky kontaktovat pro ov\u011b\u0159en\u00ed nebo up\u0159esn\u011bn\u00ed objedn\u00e1vky, pokud nap\u0159. jde o vy\u0161\u0161\u00ed hodnotu objedn\u00e1vky, n\u011bjak\u00e9 chyb\u011bj\u00edc\u00ed \u010di nep\u0159esn\u00e9 \u00fadaje atp.<\/span><\/p><p align=\"justify\"><span style=\"color: #ffffff;\">5. \u00a0 Po negativn\u00edch zku\u0161enostech s &#8222;tak\u00e9 kupuj\u00edc\u00edmi&#8220; byla zru\u0161ena mo\u017enost zas\u00edl\u00e1n\u00ed na dob\u00edrku, za toto se t\u011bm slu\u0161n\u00fdm omlouv\u00e1me.<\/span><\/p><\/td><\/tr><\/tbody><\/table><\/td><\/tr><\/tbody><\/table>\t\t\t\t\t\t<\/div>\n\t\t\t\t<\/div>\n\t\t\t\t\t<\/div>\n\t\t<\/div>\n\t\t\t\t\t\t\t<\/div>\n\t\t<\/section>\n\t\t\t\t\t\t<\/div>\n\t\t\t\t\t<\/div>\n\t\t","protected":false},"excerpt":{"rendered":"<p>Pravidla obchodu 1.\u00a0Ve\u0161ker\u00e9 objedn\u00e1vky jsou pova\u017eov\u00e1ny za z\u00e1vazn\u00e9. Z\u00e1kazn\u00edk odesl\u00e1n\u00edm objedn\u00e1vky potvrzuje, \u017ee souhlas\u00ed s pravidly obchodu, s mo\u017enostmi platby, dodac\u00edmi podm\u00ednkami, reklama\u010dn\u00edm \u0159\u00e1dem a sezn\u00e1mil se s ustanoven\u00edm o ochran\u011b osobn\u00edch \u016fdaj\u016f. 2.\u00a0\u017d\u00e1d\u00e1me V\u00e1s, abyste ve sv\u00e9m z\u00e1jmu uv\u00e1d\u011bli p\u0159esn\u00e9 a pravdiv\u00e9 \u00fadaje do objedn\u00e1vkov\u00e9ho formul\u00e1\u0159e. Ka\u017ed\u00e1 objedn\u00e1vka je po odesl\u00e1n\u00ed potvrzena e-mailovou zpr\u00e1vou [&hellip;]<\/p>\n","protected":false},"author":1,"featured_media":0,"parent":0,"menu_order":0,"comment_status":"closed","ping_status":"closed","template":"full-width.php","meta":[],"_links":{"self":[{"href":"https:\/\/jakoube.cz\/fotobazar\/wp-json\/wp\/v2\/pages\/455"}],"collection":[{"href":"https:\/\/jakoube.cz\/fotobazar\/wp-json\/wp\/v2\/pages"}],"about":[{"href":"https:\/\/jakoube.cz\/fotobazar\/wp-json\/wp\/v2\/types\/page"}],"author":[{"embeddable":true,"href":"https:\/\/jakoube.cz\/fotobazar\/wp-json\/wp\/v2\/users\/1"}],"replies":[{"embeddable":true,"href":"https:\/\/jakoube.cz\/fotobazar\/wp-json\/wp\/v2\/comments?post=455"}],"version-history":[{"count":8,"href":"https:\/\/jakoube.cz\/fotobazar\/wp-json\/wp\/v2\/pages\/455\/revisions"}],"predecessor-version":[{"id":721,"href":"https:\/\/jakoube.cz\/fotobazar\/wp-json\/wp\/v2\/pages\/455\/revisions\/721"}],"wp:attachment":[{"href":"https:\/\/jakoube.cz\/fotobazar\/wp-json\/wp\/v2\/media?parent=455"}],"curies":[{"name":"wp","href":"https:\/\/api.w.org\/{rel}","templated":true}]}}